{"id":1089,"date":"2021-06-02T16:07:57","date_gmt":"2021-06-02T16:07:57","guid":{"rendered":"https:\/\/fewo-preisinger.de\/?page_id=1089"},"modified":"2021-06-02T16:07:58","modified_gmt":"2021-06-02T16:07:58","slug":"datenschutz","status":"publish","type":"page","link":"https:\/\/fewo-preisinger.de\/?page_id=1089","title":{"rendered":"Datenschutz"},"content":{"rendered":"\n<p>Datenschutzerkl\u00e4rung<\/p>\n\n\n\n<ol class=\"wp-block-list\"><li>Information \u00fcber die Erhebung personenbezogener Daten und Kontaktdaten des Verantwortlichen<br><br>1.1 Wir freuen uns, dass Sie unsere Website (nachfolgend \u201eWebsite\u201c genannt) besuchen und bedanken uns f\u00fcr Ihr Interesse. Der Schutz Ihrer Privatsph\u00e4re ist f\u00fcr uns sehr wichtig. Nachstehend informieren wir Sie \u00fcber den Umgang mit Ihren personenbezogenen Daten bei Nutzung unserer Website. Personenbezogene Daten sind alle Informationen, die sich auf eine identifizierte oder identifizierbare nat\u00fcrliche Person (im Folgenden \u201ebetroffene Person\u201c) beziehen.<br><br>1.2 Verantwortlicher f\u00fcr die Datenverarbeitung im Sinne der Datenschutz-Grundverordnung (DSGVO) ist:<\/li><\/ol>\n\n\n\n<p>Johann Preisinger<br>J\u00e4gerstr. 5<br>87719 Mindelheim<br>Deutschland<br>Tel.: +49 (0) 8261 \u2013 22210<br>E-Mail: fewo-preisinger@web.de<\/p>\n\n\n\n<p>Der f\u00fcr die Verarbeitung von personenbezogenen Daten Verantwortliche ist diejenige nat\u00fcrliche oder juristische Person, die allein oder gemeinsam mit anderen \u00fcber die Zwecke und Mittel der Verarbeitung von personenbezogenen Daten entscheidet.<br><br>1.3 Diese Website nutzt aus Sicherheitsgr\u00fcnden und zum Schutz der \u00dcbertragung personenbezogener Daten und anderer vertraulicher Inhalte, wie z.B. Bestellungen oder Anfragen, die Sie an uns als Verantwortlichen senden, eine SSL-bzw. TLS-Verschl\u00fcsselung. Sie k\u00f6nnen eine verschl\u00fcsselte Verbindung an der Zeichenfolge \u201ehttps:\/\/\u201c und dem Schloss-Symbol in Ihrer Browserzeile erkennen.<\/p>\n\n\n\n<ol class=\"wp-block-list\" start=\"2\"><li><strong>Datenerfassung beim Besuch unserer Website<\/strong><br>Sie haben die M\u00f6glichkeit unsere Website zu besuchen, ohne sich zu registrieren oder uns anderweitig Informationen zu \u00fcbermitteln. Bei jedem Aufruf unserer Website erheben wir nur solche Daten, die Ihr Browser automatisch an unseren Server \u00fcbermittelt. Dieses sind sogenannte Server-Logfiles. Beim Aufruf unserer Website erheben wir nachstehende Daten, die ausschlie\u00dflich zum Zwecke der Sicherstellung eines st\u00f6rungsfreien Betriebs der Website erforderlich sind:<br>\u2022 Unsere besuchte Website<br>\u2022 Datum und Uhrzeit zum Zeitpunkt des Zugriffes<br>\u2022 Menge der gesendeten Daten in Byte<br>\u2022 Quelle\/Verweis, von welchem Sie auf die Seite gelangten<br>\u2022 Verwendeter Browser<br>\u2022 Verwendetes Betriebssystem<br>\u2022 Verwendete IP-Adresse (ggf.: in anonymisierter Form)<br><br>Die Verarbeitung erfolgt gem\u00e4\u00df Art. 6 Abs. 1 lit. f DSGVO auf Basis unseres berechtigten Interesses an der technisch fehlerfreien Darstellung und Optimierung unserer Website. Eine Weitergabe oder anderweitige Verwendung der Daten findet nicht statt.<br><\/li><li><strong>Hosting<\/strong><br><br><strong>Externes Hosting durch Strato<\/strong><br>Diese Website wird bei einem externen Dienstleister gehostet (Hoster). Hoster ist die Strato AG (im Folgenden \u201eStrato\u201c genannt), Pascalstra\u00dfe 10, 10587 Berlin, Deutschland. Wir nutzen das Website-Baukasten-System von Strato. Personenbezogene Daten, die auf dieser Website erfasst werden, werden auf den Servern von Strato gespeichert. Hierbei kann es sich v. a. um IP-Adressen, Kontaktanfragen, Meta- und Kommunikationsdaten, Vertragsdaten, Kontaktdaten, Namen, Webseitenzugriffe und sonstige Daten, die \u00fcber eine Website generiert werden, handeln.<br><br>Der Einsatz von Strato erfolgt zum Zwecke der Vertragserf\u00fcllung gegen\u00fcber unseren potenziellen und bestehenden Kunden (Art. 6 Abs. 1 lit. b DSGVO) und im Interesse einer sicheren, schnellen und effizienten Bereitstellung unseres Online-Angebots durch einen professionellen Anbieter (Art. 6 Abs. 1 lit. f DSGVO).<br><br>Strato wird Ihre Daten nur insoweit verarbeiten, wie dies zur Erf\u00fcllung seiner Leistungspflichten erforderlich ist und unsere Weisungen in Bezug auf diese Daten befolgen. Eine weitere Verarbeitung auf anderen Servern als den vorgenannten von Strato findet nur im nachstehend mitgeteilten Rahmen statt. Abschluss eines Vertrages \u00fcber Auftragsverarbeitung<br>Um die datenschutzkonforme Verarbeitung zu gew\u00e4hrleisten, haben wir einen Vertrag \u00fcber Auftragsverarbeitung mit Strato geschlossen. Mehr Informationen zum Umgang mit Nutzerdaten finden Sie in der Datenschutzerkl\u00e4rung von Strato: https:\/\/www.strato.de\/datenschutz\/.<br><\/li><li><strong>Kontaktaufnahme<\/strong><br>Im Rahmen Ihrer Kontaktaufnahme mit uns (z.B. per Kontaktformular oder E-Mail) werden Ihre personenbezogenen Daten direkt durch uns erhoben. Welche Daten erhoben werden, ist aus dem jeweiligen Kontaktformular ersichtlich. Diese Daten werden ausschlie\u00dflich zum Zweck der Beantwortung Ihrer Anfrage bzw. f\u00fcr die Kontaktaufnahme und die damit zusammenh\u00e4ngende technische Verwaltung gespeichert und verwendet. Rechtsgrundlage der Verarbeitung sind unsere berechtigten Interessen gem\u00e4\u00df Art. 6 Abs. 1 S. 1 lit. f DSGVO. Sofern Ihre Anfrage auf den Abschluss eines Vertrages gerichtet ist, ist ferner Rechtsgrundlage Art. 6 Abs. 1 S. 1 lit. b DSGVO. Sofern Ihre Anfrage auf den Abschluss eines Vertrages gerichtet ist, ist zus\u00e4tzliche Rechtsgrundlage f\u00fcr die Verarbeitung Art. 6 Abs. 1 lit. b DSGVO. Ihre Daten werden nach abschlie\u00dfender Bearbeitung Ihrer Anfrage gel\u00f6scht. Diese wird gel\u00f6scht, wenn sich aus den Umst\u00e4nden entnehmen l\u00e4sst, dass diese abschlie\u00dfend gekl\u00e4rt ist und keine gesetzlichen Aufbewahrungspflichten entgegenstehen.<br><\/li><li><strong>Tools und Sonstiges<\/strong><br><br>5.1. &#8211; CookieBot<br>Diese Website verwendet das Cookie-Consent-Tool der Cybot A\/S, Havnegade 39, 1058 Kopenhagen, D\u00e4nemark (\u201eCookieBot\u201c), welches technisch notwendige Cookies setzt, um Ihre Cookie-Pr\u00e4ferenzen zu speichern. Diese Datenverarbeitung erfolgt gem\u00e4\u00df Art. 6 Abs. 1 lit. f DSGVO auf Grundlage unseres berechtigten Interesses an der Bereitstellung eines Cookie-Zustimmungsverwaltungsdienstes f\u00fcr die Website-Besucher. <\/li><\/ol>\n\n\n\n<p>5.2 &#8211; OpenStreetMap<br><br>Diese Seite nutzt \u00fcber eine API den Open-Source-Mapping-Dienst \u201eOpenStreetMap\u201c der OpenStreetMap Foundation, St John\u2019s Innovation Centre, Cowley Road, Cambridge, CB4 0WS, United Kingdom, um Ihnen den Standort unseres Unternehmens darzustellen und Ihnen die Anfahrt zu erleichtern. Damit Ihnen die die Kartendienste von OpenStreetMap zur Verf\u00fcgung gestellt werden k\u00f6nnen, erhebt der Dienst bei Seitenaufruf Ihre IP-Adresse und \u00fcbermittelt diese an einen Server von OpenStreetMap, wo sie gespeichert wird. Diese Datenverarbeitungen erfolgen gem\u00e4\u00df Art. 6 Abs. 1 lit. f DSGVO auf Basis unseres berechtigten Interesses an einer ansprechenden Darstellung unserer Online-Angebote und der leichten Auffindbarkeit unseres Standortes.<br><br>Wenn Sie mit der k\u00fcnftigen \u00dcbermittlung Ihrer Daten an OpenStreetMap nicht einverstanden sind, besteht die M\u00f6glichkeit, den Webdienst OpenStreetMap vollst\u00e4ndig zu deaktivieren, indem Sie die Anwendung JavaScript in Ihrem Browser ausschalten. OpenStreetMap und damit auch die Kartenanzeige auf dieser Internetseite k\u00f6nnen dann nicht genutzt werden.<br>Unter der nachstehenden Internetadresse erhalten Sie weitere Informationen \u00fcber die Datenschutzbestimmungen von OpenStreetMap: https:\/\/wiki.osmfoundation.org\/wiki\/Privacy_Policy<br><br>Soweit rechtlich erforderlich, haben wir zur vorstehend dargestellten Verarbeitung Ihrer Daten Ihre Einwilligung gem\u00e4\u00df Art. 6 Abs. 1 lit. a DSGVO eingeholt. Sie k\u00f6nnen Ihre erteilte Einwilligung jederzeit mit Wirkung f\u00fcr die Zukunft widerrufen. Um Ihren Widerruf auszu\u00fcben, befolgen Sie bitte die vorstehend geschilderte M\u00f6glichkeit zur Vornahme eines Widerspruchs.<\/p>\n\n\n\n<ol class=\"wp-block-list\" start=\"6\"><li><strong>Ihre Rechte als Betroffener<\/strong><br>6.1. Als Betroffener haben Sie das Recht:<br>\u2022 Auskunftsrecht gem\u00e4\u00df Art. 15 DSGVO: <br>Sie haben insbesondere ein Recht auf Auskunft \u00fcber Ihre von uns verarbeiteten personenbezogenen Daten, die Verarbeitungszwecke, die Kategorien der verarbeiteten personenbezogenen Daten, die Empf\u00e4nger oder Kategorien von Empf\u00e4ngern, gegen\u00fcber denen Ihre Daten offengelegt wurden oder werden, die geplante Speicherdauer bzw. die Kriterien f\u00fcr die Festlegung der Speicherdauer, das Bestehen eines Rechts auf Berichtigung, L\u00f6schung, Einschr\u00e4nkung der Verarbeitung, Widerspruch gegen die Verarbeitung, Beschwerde bei einer Aufsichtsbeh\u00f6rde, die Herkunft Ihrer Daten, wenn diese nicht durch uns bei Ihnen erhoben wurden, das Bestehen einer automatisierten Entscheidungsfindung einschlie\u00dflich Profiling und ggf. aussagekr\u00e4ftige Informationen \u00fcber die involvierte Logik und die Sie betreffende Tragweite und die angestrebten Auswirkungen einer solchen Verarbeitung, sowie Ihr Recht auf Unterrichtung, welche Garantien gem\u00e4\u00df Art. 46 DSGVO bei Weiterleitung Ihrer Daten in Drittl\u00e4nder bestehen;<br>\u2022 Recht auf Berichtigung gem\u00e4\u00df Art. 16 DSGVO: <br>Sie haben ein Recht auf unverz\u00fcgliche Berichtigung Sie betreffender unrichtiger Daten und\/oder Vervollst\u00e4ndigung Ihrer bei uns gespeicherten unvollst\u00e4ndigen Daten<br>\u2022 Recht auf L\u00f6schung gem\u00e4\u00df Art. 17 DSGVO:<br>Sie haben das Recht, die L\u00f6schung Ihrer personenbezogenen Daten bei Vorliegen der Voraussetzungen des Art. 17 Abs. 1 DSGVO zu verlangen. Dieses Recht besteht jedoch insbesondere dann nicht, wenn die Verarbeitung zur Aus\u00fcbung des Rechts auf freie Meinungs\u00e4u\u00dferung und Information, zur Erf\u00fcllung einer rechtlichen Verpflichtung, aus Gr\u00fcnden des \u00f6ffentlichen Interesses oder zur Geltendmachung, Aus\u00fcbung oder Verteidigung von Rechtsanspr\u00fcchen erforderlich ist;<br>\u2022 Recht auf Einschr\u00e4nkung der Verarbeitung gem\u00e4\u00df Art. 18 DSGVO:<br>Sie haben das Recht, die Einschr\u00e4nkung der Verarbeitung Ihrer personenbezogenen Daten zu verlangen, solange die von Ihnen bestrittene Richtigkeit Ihrer Daten \u00fcberpr\u00fcft wird, wenn Sie eine L\u00f6schung Ihrer Daten wegen unzul\u00e4ssiger Datenverarbeitung ablehnen und stattdessen die Einschr\u00e4nkung der Verarbeitung Ihrer Daten verlangen, wenn Sie Ihre Daten zur Geltendmachung, Aus\u00fcbung oder Verteidigung von Rechtsanspr\u00fcchen ben\u00f6tigen, nachdem wir diese Daten nach Zweckerreichung nicht mehr ben\u00f6tigen oder wenn Sie Widerspruch aus Gr\u00fcnden Ihrer besonderen Situation eingelegt haben, solange noch nicht feststeht, ob unsere berechtigten Gr\u00fcnde \u00fcberwiegen;<br>\u2022 Recht auf Unterrichtung gem\u00e4\u00df Art. 19 DSGVO:<br>Sie haben das Recht auf Berichtigung, L\u00f6schung oder Einschr\u00e4nkung der Verarbeitung gegen\u00fcber dem Verantwortlichen geltend gemacht, ist dieser verpflichtet, allen Empf\u00e4ngern, denen die Sie betreffenden personenbezogenen Daten offengelegt wurden, diese Berichtigung oder L\u00f6schung der Daten oder Einschr\u00e4nkung der Verarbeitung mitzuteilen, es sei denn, dies erweist sich als unm\u00f6glich oder ist mit einem unverh\u00e4ltnism\u00e4\u00dfigen Aufwand verbunden. Ihnen steht das Recht zu, \u00fcber diese Empf\u00e4nger unterrichtet zu werden;<br>\u2022 Recht auf Daten\u00fcbertragbarkeit gem\u00e4\u00df Art. 20 DSGVO:<br>Sie haben das Recht, Ihre personenbezogenen Daten, die Sie uns bereitgestellt haben, in einem strukturierten, g\u00e4ngigen und maschinenlesebaren Format zu erhalten oder die \u00dcbermittlung an einen anderen Verantwortlichen zu verlangen, soweit dies technisch machbar ist;<br>\u2022 Recht auf Widerruf erteilter Einwilligungen gem\u00e4\u00df Art. 7 Abs. 3 DSGVO:<br>Sie haben das Recht, eine einmal erteilte Einwilligung in die Verarbeitung von Daten jederzeit mit Wirkung f\u00fcr die Zukunft zu widerrufen. Im Falle des Widerrufs werden wir die betroffenen Daten unverz\u00fcglich l\u00f6schen, sofern eine weitere Verarbeitung nicht auf eine Rechtsgrundlage zur einwilligungslosen Verarbeitung gest\u00fctzt werden kann. Durch den Widerruf der Einwilligung wird die Rechtm\u00e4\u00dfigkeit, der aufgrund der Einwilligung bis zum Widerruf erfolgten Verarbeitung nicht ber\u00fchrt;<br>\u2022 Recht auf Beschwerde gem\u00e4\u00df Art. 77 DSGVO:<br>Wenn Sie der Ansicht sind, dass die Verarbeitung der Sie betreffenden personenbezogenen Daten gegen die DSGVO verst\u00f6\u00dft, haben Sie &#8211; unbeschadet eines anderweitigen verwaltungsrechtlichen oder gerichtlichen Rechtsbehelfs &#8211; das Recht auf Beschwerde bei einer Aufsichtsbeh\u00f6rde, insbesondere in dem Mitgliedstaat Ihres Aufenthaltsortes, Ihres Arbeitsplatzes oder des Ortes des mutma\u00dflichen Versto\u00dfes.<br><br>6.2. Widerspruchsrecht<br>WENN WIR IM RAHMEN EINER INTERESSENABW\u00c4GUNG IHRE PERSONENBEZOGENEN DATEN AUFGRUND UNSERES \u00dcBERWIEGENDEN BERECHTIGTEN INTERESSES VERARBEITEN, HABEN SIE DAS JEDERZEITIGE RECHT, AUS GR\u00dcNDEN, DIE SICH AUS IHRER BESONDEREN SITUATION ERGEBEN, GEGEN DIESE VERARBEITUNG WIDERSPRUCH MIT WIRKUNG F\u00dcR DIE ZUKUNFT EINZULEGEN. MACHEN SIE VON IHREM WIDERSPRUCHSRECHT GEBRAUCH, BEENDEN WIR DIE VERARBEITUNG DER BETROFFENEN DATEN. EINE WEITERVERARBEITUNG BLEIBT ABER VORBEHALTEN, WENN WIR ZWINGENDE SCHUTZW\u00dcRDIGE GR\u00dcNDE F\u00dcR DIE VERARBEITUNG NACHWEISEN K\u00d6NNEN, DIE IHRE INTERESSEN, GRUNDRECHTE UND GRUNDFREIHEITEN \u00dcBERWIEGEN, ODER WENN DIE VERARBEITUNG DER GELTENDMACHUNG, AUS\u00dcBUNG ODER VERTEIDIGUNG VON RECHTSANSPR\u00dcCHEN DIENT. WERDEN IHRE PERSONENBEZOGENEN DATEN VON UNS VERARBEITET, UM DIREKTWERBUNG ZU BETREIBEN, HABEN SIE DAS RECHT, JEDERZEIT WIDERSPRUCH GEGEN DIE VERARBEITUNG SIE BETREFFENDER PERSONENBEZOGENER DATEN ZUM ZWECKE DERARTIGER WERBUNG EINZULEGEN. SIE K\u00d6NNEN DEN WIDERSPRUCH WIE OBEN BESCHRIEBEN AUS\u00dcBEN. MACHEN SIE VON IHREM WIDERSPRUCHSRECHT GEBRAUCH, BEENDEN WIR DIE VERARBEITUNG DER BETROFFENEN DATEN ZU DIREKTWERBEZWECKEN.<br><\/li><li><strong>Dauer der Speicherung personenbezogener Daten<\/strong><br>Die Dauer der Speicherung von personenbezogenen Daten ist abh\u00e4ngig von der jeweiligen Rechtsgrundlage, dem Verarbeitungszweck und \u2013 sofern einschl\u00e4gig \u2013 zus\u00e4tzlich von etwaiger steuer- und handelsrechtlicher Aufbewahrungsfristen. Ihre Daten werden nach Ihrer ausdr\u00fccklichen Einwilligung gem\u00e4\u00df Art. 6 Abs. 1 lit. a DSGVO von uns so lange gespeichert, bis Sie Ihre Einwilligung widerrufen. Wenn es gesetzliche Aufbewahrungsfristen f\u00fcr die Speicherung Ihrer Daten existieren, die w\u00e4hrend rechtsgesch\u00e4ftlicher bzw. rechtsgesch\u00e4fts\u00e4hnlicher Verpflichtungen verarbeitet werden, werden diese Daten nach Ablauf der Aufbewahrungsfristen routinem\u00e4\u00dfig gel\u00f6scht, sofern diese nicht mehr zur Verarbeitung f\u00fcr die Erf\u00fcllung eines Vertrages oder einer Vertragsanbahnung gem\u00e4\u00df Art. 6 Abs. 1 lit. b DSGVO erforderlich sind und\/oder unsererseits kein berechtigtes Interesse an der Weiterspeicherung fortbesteht. Ihre personenbezogenen Daten, die auf Rechtsgrundlage der Verarbeitung zur Wahrung unseres berechtigten Interesses gem\u00e4\u00df Art. 6 Abs. 1 lit. f DSGVO gespeichert wurden, werden so lange gespeichert, bis Sie Ihr Widerspruchsrecht gem\u00e4\u00df Art. 21 Abs. 1 DSGVO aus\u00fcben, es sei denn, wir k\u00f6nnen zwingende schutzw\u00fcrdige Gr\u00fcnde f\u00fcr die Verarbeitung nachweisen, die die Interessen, Rechte und Freiheiten der betroffenen Person \u00fcberwiegen, oder die Verarbeitung dient der Geltendmachung, Aus\u00fcbung oder Verteidigung von Rechtsanspr\u00fcchen. Ihre Daten, die auf Rechtsgrundlage zum Zwecke der Direktwerbung gem\u00e4\u00df Art. 6 Abs. 1 lit. f DSGVO gespeichert wurden, werden so lange gespeichert, bis Sie Ihr Widerspruchsrecht gem\u00e4\u00df Art. 21 Abs. 2 DSGVO aus\u00fcben. Ihre gespeicherten personenbezogenen Daten werden dann gel\u00f6scht, wenn diese f\u00fcr die Zwecke, f\u00fcr die diese erhoben oder auf sonstige Weise verarbeitet wurden, nicht mehr notwendig sind. Dies gilt nicht, wenn sich aus den sonstigen Informationen dieser Erkl\u00e4rung \u00fcber spezifische Verarbeitungssituationen etwas anderes ergibt.<br><br>Stand: 21.05.2021<\/li><\/ol>\n\n\n\n<p><\/p>\n","protected":false},"excerpt":{"rendered":"<p>Datenschutzerkl\u00e4rung Information \u00fcber die Erhebung personenbezogener Daten und Kontaktdaten des Verantwortlichen 1.1 Wir freuen uns, dass Sie unsere Website (nachfolgend \u201eWebsite\u201c genannt) besuchen und bedanken uns f\u00fcr Ihr Interesse. Der Schutz Ihrer Privatsph\u00e4re ist f\u00fcr uns sehr wichtig. Nachstehend informieren wir Sie \u00fcber den Umgang mit Ihren personenbezogenen Daten bei Nutzung unserer Website. Personenbezogene Daten [&hellip;]<\/p>\n","protected":false},"author":1,"featured_media":0,"parent":0,"menu_order":0,"comment_status":"closed","ping_status":"closed","template":"","meta":{"footnotes":""},"class_list":["post-1089","page","type-page","status-publish","czr-hentry"],"_links":{"self":[{"href":"https:\/\/fewo-preisinger.de\/index.php?rest_route=\/wp\/v2\/pages\/1089","targetHints":{"allow":["GET"]}}],"collection":[{"href":"https:\/\/fewo-preisinger.de\/index.php?rest_route=\/wp\/v2\/pages"}],"about":[{"href":"https:\/\/fewo-preisinger.de\/index.php?rest_route=\/wp\/v2\/types\/page"}],"author":[{"embeddable":true,"href":"https:\/\/fewo-preisinger.de\/index.php?rest_route=\/wp\/v2\/users\/1"}],"replies":[{"embeddable":true,"href":"https:\/\/fewo-preisinger.de\/index.php?rest_route=%2Fwp%2Fv2%2Fcomments&post=1089"}],"version-history":[{"count":1,"href":"https:\/\/fewo-preisinger.de\/index.php?rest_route=\/wp\/v2\/pages\/1089\/revisions"}],"predecessor-version":[{"id":1090,"href":"https:\/\/fewo-preisinger.de\/index.php?rest_route=\/wp\/v2\/pages\/1089\/revisions\/1090"}],"wp:attachment":[{"href":"https:\/\/fewo-preisinger.de\/index.php?rest_route=%2Fwp%2Fv2%2Fmedia&parent=1089"}],"curies":[{"name":"wp","href":"https:\/\/api.w.org\/{rel}","templated":true}]}}