

{"id":11,"date":"2020-07-02T18:22:25","date_gmt":"2020-07-02T18:22:25","guid":{"rendered":"http:\/\/fewo-preisinger.de\/?page_id=11"},"modified":"2021-05-17T18:45:01","modified_gmt":"2021-05-17T18:45:01","slug":"kontakt-anfahrt","status":"publish","type":"page","link":"https:\/\/fewo-preisinger.de\/?page_id=11","title":{"rendered":"Kontakt &#038; Anfahrt"},"content":{"rendered":"\n<p>Westernach liegt 4 km nordwestlich der Kreisstadt Mindelheim am n\u00f6rdlichen Rand des Allg\u00e4us. \u00dcber die nur 5 km entfernte Autobahnanschlussstelle Stetten besteht eine Anbindung an die Autobahn A96.<\/p>\n\n\n\n<p><strong>Unsere Adresse: <br><\/strong>Johann und Elisabeth Preisinger<br>J\u00e4gerstra\u00dfe 5 (Ortsteil Westernach)<br>87719 Mindelheim<\/p>\n\n\n\n<p>Landkreis Unterallg\u00e4u<\/p>\n\n\n\n<p>Telefon: 08261 22210 (ab 19:00 Uhr)<br>E-Mail:&nbsp;<a href=\"mailto:info@fewo-preisinger.de\">info@fewo-preisinger.de<\/a><\/p>\n\n\n\n<link rel='stylesheet' id='osm-ol3-css-css' href='https:\/\/fewo-preisinger.de\/wp-content\/plugins\/osm\/js\/OL\/10.9.0\/ol.css?ver=6.9.4' media='all' \/>\n<link rel='stylesheet' id='osm-ol3-ext-css-css' href='https:\/\/fewo-preisinger.de\/wp-content\/plugins\/osm\/css\/osm_map_v3.css?ver=6.9.4' media='all' \/>\n<link rel='stylesheet' id='osm-map-css-css' href='https:\/\/fewo-preisinger.de\/wp-content\/plugins\/osm\/css\/osm_map.css?ver=6.9.4' media='all' \/>\n<script src=\"https:\/\/fewo-preisinger.de\/wp-includes\/js\/dist\/vendor\/wp-polyfill.min.js?ver=3.15.0\" id=\"wp-polyfill-js\"><\/script>\n<script src=\"https:\/\/fewo-preisinger.de\/wp-content\/plugins\/osm\/js\/OL\/10.9.0\/ol.js?ver=10.9.0\" id=\"osm-ol3-library-js\"><\/script>\n<script src=\"https:\/\/fewo-preisinger.de\/wp-content\/plugins\/osm\/js\/osm-v3-plugin-lib.js?ver=1.0.0\" id=\"osm-ol3-ext-library-js\"><\/script>\n<script src=\"https:\/\/fewo-preisinger.de\/wp-content\/plugins\/osm\/js\/osm-metabox-events.js?ver=1.0.0\" id=\"osm-ol3-metabox-events-js\"><\/script>\n<script id=\"nb-jquery\" src=\"https:\/\/fewo-preisinger.de\/wp-includes\/js\/jquery\/jquery.min.js?ver=3.7.1\" id=\"jquery-core-js\"><\/script>\n<script src=\"https:\/\/fewo-preisinger.de\/wp-includes\/js\/jquery\/jquery-migrate.min.js?ver=3.4.1\" id=\"jquery-migrate-js\"><\/script>\n<script id=\"osm-map-startup-js-extra\">\nvar translations = {\"openlayer\":\"open layer\",\"openlayerAtStartup\":\"open layer at startup\",\"generateLink\":\"link to this map with opened layers\",\"shortDescription\":\"short description\",\"generatedShortCode\":\"to get a text control link paste this code in your wordpress editor\",\"closeLayer\":\"close layer\",\"cantGenerateLink\":\"put this string in the existing map short code to control this map\"};\n\/\/# sourceURL=osm-map-startup-js-extra\n<\/script>\n<script src=\"https:\/\/fewo-preisinger.de\/wp-content\/plugins\/osm\/js\/osm-startup-lib.js?ver=V6.2.5\" id=\"osm-map-startup-js\"><\/script>\n\n        <div id=\"map_ol3js_1\"\n       class=\"osm-map-container undefined\"\n             data-map_name=\"undefined\"\n             data-map=\"map_ol3js_1\"\n             data-autoshow=\"no\"\n             style=\"width:100%;\n                    max-width:100%;\n                    height:450px;\n                    display:block;\n                    overflow:hidden;\n                    border:thin solid red;\n                    position: relative;\">\n          <div id=\"map_ol3js_1_popup\" class=\"ol-popup\">\n            <a href=\"#\" id=\"map_ol3js_1_popup-closer\" class=\"ol-popup-closer\"><\/a>\n            <div id=\"map_ol3js_1_popup-content\"><\/div>\n          <\/div>\n        <\/div>\n    <script type=\"text\/javascript\">\n\t\t\t  vectorM['map_ol3js_1'] = [];\n\t        \n        var raster = getTileLayer(\"osm\",\"NoKey\");\t\t\t\n\n\t\t\t  var map_ol3js_1 = new ol.Map({\n\t\t\t\tinteractions: ol.interaction.defaults.defaults({mouseWheelZoom:false}),\n\t\t\t\tlayers: [raster],\n\t\t\t\ttarget: \"map_ol3js_1\",\n\t\t\t\tview: new ol.View({\n\t\t\t\t  center: ol.proj.transform([0,0], \"EPSG:4326\", \"EPSG:3857\"),\n\t\t\t\t  zoom: 15\n\t\t\t\t})\n\t\t\t  });\n\t\t\t  map_ol3js_1.getView().setCenter(ol.proj.transform([10.4620,48.0712], \"EPSG:4326\", \"EPSG:3857\"));osm_addMarkerLayer(map_ol3js_1,10.4620,48.0712,\"https:\/\/fewo-preisinger.de\/wp-content\/plugins\/osm\/icons\/mic_red_pinother_02.png\",-16,-41,\"\") ; addControls2Map(map_ol3js_1,0,0,3,0,5,6,7,0,1);\nosm_addPopupClickhandler(map_ol3js_1,  \"map_ol3js_1\"); \nosm_addMouseHover(map_ol3js_1); <\/script>\n","protected":false},"excerpt":{"rendered":"<p>Westernach liegt 4 km nordwestlich der Kreisstadt Mindelheim am n\u00f6rdlichen Rand des Allg\u00e4us. \u00dcber die nur 5 km entfernte Autobahnanschlussstelle Stetten besteht eine Anbindung an die Autobahn A96. Unsere Adresse: Johann und Elisabeth PreisingerJ\u00e4gerstra\u00dfe 5 (Ortsteil Westernach)87719 Mindelheim Landkreis Unterallg\u00e4u Telefon: 08261 22210 (ab 19:00 Uhr)E-Mail:&nbsp;info@fewo-preisinger.de<\/p>\n","protected":false},"author":1,"featured_media":0,"parent":0,"menu_order":0,"comment_status":"closed","ping_status":"closed","template":"","meta":{"footnotes":""},"class_list":["post-11","page","type-page","status-publish","czr-hentry"],"_links":{"self":[{"href":"https:\/\/fewo-preisinger.de\/index.php?rest_route=\/wp\/v2\/pages\/11","targetHints":{"allow":["GET"]}}],"collection":[{"href":"https:\/\/fewo-preisinger.de\/index.php?rest_route=\/wp\/v2\/pages"}],"about":[{"href":"https:\/\/fewo-preisinger.de\/index.php?rest_route=\/wp\/v2\/types\/page"}],"author":[{"embeddable":true,"href":"https:\/\/fewo-preisinger.de\/index.php?rest_route=\/wp\/v2\/users\/1"}],"replies":[{"embeddable":true,"href":"https:\/\/fewo-preisinger.de\/index.php?rest_route=%2Fwp%2Fv2%2Fcomments&post=11"}],"version-history":[{"count":15,"href":"https:\/\/fewo-preisinger.de\/index.php?rest_route=\/wp\/v2\/pages\/11\/revisions"}],"predecessor-version":[{"id":1083,"href":"https:\/\/fewo-preisinger.de\/index.php?rest_route=\/wp\/v2\/pages\/11\/revisions\/1083"}],"wp:attachment":[{"href":"https:\/\/fewo-preisinger.de\/index.php?rest_route=%2Fwp%2Fv2%2Fmedia&parent=11"}],"curies":[{"name":"wp","href":"https:\/\/api.w.org\/{rel}","templated":true}]}}