{"id":35,"date":"2020-07-02T18:39:10","date_gmt":"2020-07-02T18:39:10","guid":{"rendered":"http:\/\/fewo-preisinger.de\/?page_id=35"},"modified":"2023-12-31T12:23:40","modified_gmt":"2023-12-31T12:23:40","slug":"start","status":"publish","type":"page","link":"https:\/\/fewo-preisinger.de\/","title":{"rendered":"Home"},"content":{"rendered":"\n<p><strong>Herzlich willkommen<\/strong> auf unserer Internetseite. Hier finden Sie Informationen \u00fcber unsere Ferienwohnung wie auch \u00fcber <a href=\"https:\/\/fewo-preisinger.de\/?page_id=8\">Ausflugsziele<\/a> und <a href=\"https:\/\/fewo-preisinger.de\/?page_id=862\">Radtouren<\/a> in unserer Region. In unserer gut ausgestatteten, ger\u00e4umigen und familienfreundlichen Wohnung ist Platz f\u00fcr bis zu sechs Personen. Angaben zu <a href=\"https:\/\/fewo-preisinger.de\/?page_id=618\">Preisen<\/a>, <a href=\"https:\/\/fewo-preisinger.de\/?page_id=591\">Verf\u00fcgbarkeit <\/a>und Ausstattung finden Sie unter dem Navigationspunkt <a href=\"https:\/\/fewo-preisinger.de\/?page_id=7\">Ferienwohnung<\/a>. Wir vermieten unsere Wohnung ab zwei \u00dcbernachtungen.<\/p>\n\n\n\n<p>Bei Fragen zur Wohnung sowie bei Buchungsanfragen k\u00f6nnen Sie gerne \u00fcber <a href=\"mailto:info@fewo-preisinger.de\">info@fewo-preisinger.de<\/a> Kontakt mit uns aufnehmen. Wir freuen uns auf Ihre Anfrage.<\/p>\n","protected":false},"excerpt":{"rendered":"<p>Herzlich willkommen auf unserer Internetseite. Hier finden Sie Informationen \u00fcber unsere Ferienwohnung wie auch \u00fcber Ausflugsziele und Radtouren in unserer Region. In unserer gut ausgestatteten, ger\u00e4umigen und familienfreundlichen Wohnung ist Platz f\u00fcr bis zu sechs Personen. Angaben zu Preisen, Verf\u00fcgbarkeit und Ausstattung finden Sie unter dem Navigationspunkt Ferienwohnung. Wir vermieten unsere Wohnung ab zwei \u00dcbernachtungen. [&hellip;]<\/p>\n","protected":false},"author":1,"featured_media":0,"parent":0,"menu_order":0,"comment_status":"closed","ping_status":"closed","template":"","meta":{"footnotes":""},"class_list":["post-35","page","type-page","status-publish","czr-hentry"],"_links":{"self":[{"href":"https:\/\/fewo-preisinger.de\/index.php?rest_route=\/wp\/v2\/pages\/35","targetHints":{"allow":["GET"]}}],"collection":[{"href":"https:\/\/fewo-preisinger.de\/index.php?rest_route=\/wp\/v2\/pages"}],"about":[{"href":"https:\/\/fewo-preisinger.de\/index.php?rest_route=\/wp\/v2\/types\/page"}],"author":[{"embeddable":true,"href":"https:\/\/fewo-preisinger.de\/index.php?rest_route=\/wp\/v2\/users\/1"}],"replies":[{"embeddable":true,"href":"https:\/\/fewo-preisinger.de\/index.php?rest_route=%2Fwp%2Fv2%2Fcomments&post=35"}],"version-history":[{"count":35,"href":"https:\/\/fewo-preisinger.de\/index.php?rest_route=\/wp\/v2\/pages\/35\/revisions"}],"predecessor-version":[{"id":1452,"href":"https:\/\/fewo-preisinger.de\/index.php?rest_route=\/wp\/v2\/pages\/35\/revisions\/1452"}],"wp:attachment":[{"href":"https:\/\/fewo-preisinger.de\/index.php?rest_route=%2Fwp%2Fv2%2Fmedia&parent=35"}],"curies":[{"name":"wp","href":"https:\/\/api.w.org\/{rel}","templated":true}]}}