{"id":8,"date":"2020-07-02T18:22:25","date_gmt":"2020-07-02T18:22:25","guid":{"rendered":"http:\/\/fewo-preisinger.de\/?page_id=8"},"modified":"2025-12-20T18:00:21","modified_gmt":"2025-12-20T18:00:21","slug":"ausflugsziele","status":"publish","type":"page","link":"https:\/\/fewo-preisinger.de\/?page_id=8","title":{"rendered":"Ausflugsziele"},"content":{"rendered":"\n<p>Die Ferienwohnung befindet sich am n\u00f6rdlichen Rand des Allg\u00e4us. Bereits im n\u00e4heren Umkreis der Ferienwohnung gibt es attraktive Ausflugsziele wie z.B. den <strong>Skyline Park<\/strong> (Bayerns gr\u00f6\u00dfter Freizeitpark) und die <strong>Therme <\/strong>in Bad W\u00f6rishofen. Au\u00dferdem k\u00f6nnen Sie die Ferienwohnung als Startpunkt f\u00fcr sch\u00f6ne <a href=\"https:\/\/fewo-preisinger.de\/?page_id=862\"><strong><mark style=\"background-color:rgba(0, 0, 0, 0)\" class=\"has-inline-color has-vivid-red-color\">Radtouren<\/mark><\/strong><\/a> in das Voralpenland oder entlang der Fl\u00fcsse Mindel, Kammel oder G\u00fcnz nutzen. <\/p>\n\n\n\n<p>Wenn Sie dar\u00fcber hinaus ihren Aktionsradius mit dem Auto oder der Bahn vergr\u00f6\u00dfern, k\u00f6nnen Sie weitere Sehensw\u00fcrdigkeiten und Ziele in relativ kurzer Zeit erreichen. In nur 30 bis 40 Minuten erreichen Sie den <strong>Lechpark &#8222;P\u00f6ssinger Au&#8220;<\/strong> bei Landsberg, den <strong>Ammersee <\/strong>mit Schifffahrt und Strandb\u00e4dern sowie den kleinen idyllischen <strong>Elbsee<\/strong>. <\/p>\n\n\n\n<p>Jeweils nur rund eine Autostunde entfernt finden Sie den fast schon mediterranen <strong>Bodensee<\/strong>, die <strong>Allg\u00e4uer Alpen <\/strong>mit Seilbahnen und Wanderwegen, das <strong>Legoland <\/strong>Deutschland, das <strong>Schloss Neuschwanstein<\/strong> und die Landeshauptstadt <strong>M\u00fcnchen<\/strong>. Tickets f\u00fcr das Schlo\u00df Neuschwanstein sind oft \u00fcber Wochen im Voraus ausgebucht. Am besten sichern Sie sich bereits rechtzeitig vor Ihrer Anreise die entsprechende Anzahl von <strong>Tickets durch Online-Buchung<\/strong> auf der Internetseite des Schlosses.<\/p>\n\n\n\n<p>Durch einen Klick auf <a href=\"https:\/\/fewo-preisinger.de\/?page_id=899\"><strong><mark style=\"background-color:rgba(0, 0, 0, 0)\" class=\"has-inline-color has-vivid-red-color\">Landkarte <\/mark><\/strong><\/a>k\u00f6nnen Sie sich einen \u00dcberblick \u00fcber die Lage und Entfernung verschiedener Ausflugsziele verschaffen. <\/p>\n\n\n\n<p>Ein Foto des Dorfes, in dem sich die Ferienwohnung befindet, finden Sie auf diesem <a href=\"https:\/\/fewo-preisinger.de\/?page_id=880\"><strong><mark style=\"background-color:rgba(0, 0, 0, 0)\" class=\"has-inline-color has-vivid-red-color\">Panoramabild<\/mark><\/strong><\/a>. <\/p>\n\n\n\n<p>Bilder vom Landkreis Unterallg\u00e4u haben wir hier auf <a href=\"https:\/\/www.instagram.com\/preisinger.johann\/\" target=\"_blank\" rel=\"noreferrer noopener\"><strong><mark style=\"background-color:rgba(0, 0, 0, 0)\" class=\"has-inline-color has-vivid-red-color\">Instagram<\/mark><\/strong><\/a> f\u00fcr Sie zusammengestellt.<\/p>\n\n\n<h3>Vergn\u00fcgungsparks<\/h3>\n<h5><a href=\"https:\/\/www.skylinepark.de\/\" target=\"_blank\" rel=\"noopener noreferrer\">Allg\u00e4u Skyline Park, Bad W\u00f6rishofen<\/a><\/h5>\n<h5><a href=\"https:\/\/www.legoland.de\/\" target=\"_blank\" rel=\"noopener noreferrer\">Legoland Deutschland, G\u00fcnzburg<\/a><\/h5>\n<h5><a href=\"https:\/\/minimax-mindelheim.de\/\" target=\"_blank\" rel=\"noopener noreferrer\">miniMax Mindelheim (Sport- und Kinderpark; Indoor)<\/a><\/h5>\n<h3>Therme und B\u00e4der<\/h3>\n<h5><a href=\"https:\/\/www.therme-badwoerishofen.de\/\" target=\"_blank\" rel=\"noopener noreferrer\">S\u00fcdsee-Therme, Bad W\u00f6rishofen<\/a><\/h5>\n<h5><a href=\"https:\/\/www.cambomare.de\/\" target=\"_blank\" rel=\"noopener\">Cambomare, Kempten<\/a><\/h5>\n<h5><a href=\"http:\/\/www.naturtherme-bedernau.de\/\" target=\"_blank\" rel=\"noopener noreferrer\">Naturtherme, Bedernau<\/a><\/h5>\n<h3><strong>Tipps und Informationen zu weiteren Zielen finden Sie nach Ihrer Ankunft in unserem G\u00e4steordner, unter anderem:<\/strong><\/h3>\n<ul>\n<li>Wandern in den Allg\u00e4uer Alpen<\/li>\n<li>Bodensee<\/li>\n<li>Ammersee<\/li>\n<li>Elbsee<\/li>\n<li>Sehenswerte St\u00e4dte<\/li>\n<li>Zoologische G\u00e4rten \/ Tierparks<\/li>\n<li>Rokoko, Barock und Museen<\/li>\n<li>Radfahren im Unterallg\u00e4u<\/li>\n<\/ul>\n\n\n<p><\/p>\n","protected":false},"excerpt":{"rendered":"<p>Die Ferienwohnung befindet sich am n\u00f6rdlichen Rand des Allg\u00e4us. Bereits im n\u00e4heren Umkreis der Ferienwohnung gibt es attraktive Ausflugsziele wie z.B. den Skyline Park (Bayerns gr\u00f6\u00dfter Freizeitpark) und die Therme in Bad W\u00f6rishofen. Au\u00dferdem k\u00f6nnen Sie die Ferienwohnung als Startpunkt f\u00fcr sch\u00f6ne Radtouren in das Voralpenland oder entlang der Fl\u00fcsse Mindel, Kammel oder G\u00fcnz nutzen. [&hellip;]<\/p>\n","protected":false},"author":1,"featured_media":0,"parent":0,"menu_order":0,"comment_status":"closed","ping_status":"closed","template":"","meta":{"footnotes":""},"class_list":["post-8","page","type-page","status-publish","czr-hentry"],"_links":{"self":[{"href":"https:\/\/fewo-preisinger.de\/index.php?rest_route=\/wp\/v2\/pages\/8","targetHints":{"allow":["GET"]}}],"collection":[{"href":"https:\/\/fewo-preisinger.de\/index.php?rest_route=\/wp\/v2\/pages"}],"about":[{"href":"https:\/\/fewo-preisinger.de\/index.php?rest_route=\/wp\/v2\/types\/page"}],"author":[{"embeddable":true,"href":"https:\/\/fewo-preisinger.de\/index.php?rest_route=\/wp\/v2\/users\/1"}],"replies":[{"embeddable":true,"href":"https:\/\/fewo-preisinger.de\/index.php?rest_route=%2Fwp%2Fv2%2Fcomments&post=8"}],"version-history":[{"count":73,"href":"https:\/\/fewo-preisinger.de\/index.php?rest_route=\/wp\/v2\/pages\/8\/revisions"}],"predecessor-version":[{"id":1486,"href":"https:\/\/fewo-preisinger.de\/index.php?rest_route=\/wp\/v2\/pages\/8\/revisions\/1486"}],"wp:attachment":[{"href":"https:\/\/fewo-preisinger.de\/index.php?rest_route=%2Fwp%2Fv2%2Fmedia&parent=8"}],"curies":[{"name":"wp","href":"https:\/\/api.w.org\/{rel}","templated":true}]}}