{"id":834,"date":"2020-08-29T16:40:17","date_gmt":"2020-08-29T16:40:17","guid":{"rendered":"http:\/\/fewo-preisinger.de\/?page_id=834"},"modified":"2025-12-20T17:35:54","modified_gmt":"2025-12-20T17:35:54","slug":"monteure-und-arbeiter","status":"publish","type":"page","link":"https:\/\/fewo-preisinger.de\/?page_id=834","title":{"rendered":"Monteure und Arbeiter"},"content":{"rendered":"\n<p>Wir vermieten unsere Ferienwohnung auch an Monteure und Arbeiter (maximal drei Personen).<\/p>\n\n\n\n<p><strong>PARKPLATZ \/ FAHRZEUGE<\/strong><\/p>\n\n\n\n<p>Es steht nur ein Parkplatz zur Verf\u00fcgung. Parken auf der Stra\u00dfe ist nicht m\u00f6glich.<\/p>\n\n\n\n<p>Der Parkplatz befindet sich in einem Carport und hat folgende Ma\u00dfe:<\/p>\n\n\n\n<ul class=\"wp-block-list\">\n<li>L\u00e4nge&nbsp;&nbsp;&nbsp;&nbsp;&nbsp;&nbsp;&nbsp;&nbsp;&nbsp;&nbsp; 6,00 Meter<\/li>\n\n\n\n<li>Breite&nbsp;&nbsp;&nbsp;&nbsp;&nbsp;&nbsp;&nbsp;&nbsp;&nbsp;&nbsp; 2,50 Meter<\/li>\n\n\n\n<li>H\u00f6he&nbsp;&nbsp;&nbsp;&nbsp;&nbsp;&nbsp;&nbsp;&nbsp;&nbsp;&nbsp;&nbsp; 2,50 Meter bis 2,30 Meter (nach vorne hin abfallend)<\/li>\n<\/ul>\n\n\n\n<p>Gr\u00f6\u00dfere Fahrzeuge (z.B. Mercedes Sprinter) finden darin keinen Platz.<\/p>\n\n\n\n<p><strong>ZIMMER UND BETTEN<\/strong><\/p>\n\n\n\n<p>Schlafzimmer 1 | Doppelbett 200 x 200 cm | zwei separate Matratzen<br>Schlafzimmer 2 | Doppelbett 160 x 200 cm | eine durchg\u00e4ngige Matratze<br>Schlafzimmer 3 | Einzelbett 90 x 200 cm<\/p>\n\n\n\n<p><strong>AN- UND ABREISETERMINE<\/strong><\/p>\n\n\n\n<p>An- und Abreisen sind grunds\u00e4tzlich an allen Wochentagen m\u00f6glich, an bestimmten Wochentagen jedoch nur zu eingeschr\u00e4nkten Zeiten. Es ist deshalb immer eine Abstimmung im Vorfeld erforderlich.<\/p>\n\n\n\n<p><strong>SPRACHE \/ VERST\u00c4NDIGUNG \/ SAUBERKEIT<\/strong><\/p>\n\n\n\n<p>Wir legen Wert darauf, dass wir uns  mit den Mietern der Ferienwohnung in deutscher Sprache verst\u00e4ndigen k\u00f6nnen und dass diese auf Sauberkeit in der Wohnung achten.<\/p>\n\n\n\n<p><strong>WASCHMASCHINE<\/strong><\/p>\n\n\n\n<p>In der Wohnung (1. OG) befindet sich keine Waschmaschine. Nach Absprache kann jedoch eine Waschmaschine im Keller benutzt werden.<\/p>\n\n\n\n<p><strong>PREISE<\/strong><\/p>\n\n\n\n<p>Die Preise werden individuell vereinbart.<\/p>\n\n\n\n<p><\/p>\n","protected":false},"excerpt":{"rendered":"<p>Wir vermieten unsere Ferienwohnung auch an Monteure und Arbeiter (maximal drei Personen). PARKPLATZ \/ FAHRZEUGE Es steht nur ein Parkplatz zur Verf\u00fcgung. Parken auf der Stra\u00dfe ist nicht m\u00f6glich. Der Parkplatz befindet sich in einem Carport und hat folgende Ma\u00dfe: Gr\u00f6\u00dfere Fahrzeuge (z.B. Mercedes Sprinter) finden darin keinen Platz. ZIMMER UND BETTEN Schlafzimmer 1 | [&hellip;]<\/p>\n","protected":false},"author":1,"featured_media":0,"parent":0,"menu_order":0,"comment_status":"closed","ping_status":"closed","template":"","meta":{"footnotes":""},"class_list":["post-834","page","type-page","status-publish","czr-hentry"],"_links":{"self":[{"href":"https:\/\/fewo-preisinger.de\/index.php?rest_route=\/wp\/v2\/pages\/834","targetHints":{"allow":["GET"]}}],"collection":[{"href":"https:\/\/fewo-preisinger.de\/index.php?rest_route=\/wp\/v2\/pages"}],"about":[{"href":"https:\/\/fewo-preisinger.de\/index.php?rest_route=\/wp\/v2\/types\/page"}],"author":[{"embeddable":true,"href":"https:\/\/fewo-preisinger.de\/index.php?rest_route=\/wp\/v2\/users\/1"}],"replies":[{"embeddable":true,"href":"https:\/\/fewo-preisinger.de\/index.php?rest_route=%2Fwp%2Fv2%2Fcomments&post=834"}],"version-history":[{"count":21,"href":"https:\/\/fewo-preisinger.de\/index.php?rest_route=\/wp\/v2\/pages\/834\/revisions"}],"predecessor-version":[{"id":1479,"href":"https:\/\/fewo-preisinger.de\/index.php?rest_route=\/wp\/v2\/pages\/834\/revisions\/1479"}],"wp:attachment":[{"href":"https:\/\/fewo-preisinger.de\/index.php?rest_route=%2Fwp%2Fv2%2Fmedia&parent=834"}],"curies":[{"name":"wp","href":"https:\/\/api.w.org\/{rel}","templated":true}]}}