{"id":880,"date":"2020-09-07T21:16:02","date_gmt":"2020-09-07T21:16:02","guid":{"rendered":"http:\/\/fewo-preisinger.de\/?page_id=880"},"modified":"2020-09-10T18:52:51","modified_gmt":"2020-09-10T18:52:51","slug":"alpenpanorama-westernach","status":"publish","type":"page","link":"https:\/\/fewo-preisinger.de\/?page_id=880","title":{"rendered":"Alpenpanorama Westernach"},"content":{"rendered":"\n<p>Entfernungsbeispiele (Luftlinie)<\/p>\n\n\n\n<div class=\"wp-block-group\"><div class=\"wp-block-group__inner-container is-layout-flow wp-block-group-is-layout-flow\">\n<ul class=\"wp-block-list\"><li>Breitenberg 55 km<\/li><li>Gr\u00fcnten 59 km<\/li><li>Gro\u00dfer Daumen 70 km<\/li><li>Auerberg 43 km <br>(vorgelagerter Aussichtsberg n\u00f6rdlich von F\u00fcssen; auf dem Panoramabild nicht sichtbar)<\/li><\/ul>\n\n\n\n<p><\/p>\n<\/div><\/div>\n\n\n\n<p><\/p>\n","protected":false},"excerpt":{"rendered":"<p>Entfernungsbeispiele (Luftlinie) Breitenberg 55 km Gr\u00fcnten 59 km Gro\u00dfer Daumen 70 km Auerberg 43 km (vorgelagerter Aussichtsberg n\u00f6rdlich von F\u00fcssen; auf dem Panoramabild nicht sichtbar)<\/p>\n","protected":false},"author":1,"featured_media":0,"parent":0,"menu_order":0,"comment_status":"closed","ping_status":"closed","template":"","meta":{"footnotes":""},"class_list":["post-880","page","type-page","status-publish","czr-hentry"],"_links":{"self":[{"href":"https:\/\/fewo-preisinger.de\/index.php?rest_route=\/wp\/v2\/pages\/880","targetHints":{"allow":["GET"]}}],"collection":[{"href":"https:\/\/fewo-preisinger.de\/index.php?rest_route=\/wp\/v2\/pages"}],"about":[{"href":"https:\/\/fewo-preisinger.de\/index.php?rest_route=\/wp\/v2\/types\/page"}],"author":[{"embeddable":true,"href":"https:\/\/fewo-preisinger.de\/index.php?rest_route=\/wp\/v2\/users\/1"}],"replies":[{"embeddable":true,"href":"https:\/\/fewo-preisinger.de\/index.php?rest_route=%2Fwp%2Fv2%2Fcomments&post=880"}],"version-history":[{"count":3,"href":"https:\/\/fewo-preisinger.de\/index.php?rest_route=\/wp\/v2\/pages\/880\/revisions"}],"predecessor-version":[{"id":901,"href":"https:\/\/fewo-preisinger.de\/index.php?rest_route=\/wp\/v2\/pages\/880\/revisions\/901"}],"wp:attachment":[{"href":"https:\/\/fewo-preisinger.de\/index.php?rest_route=%2Fwp%2Fv2%2Fmedia&parent=880"}],"curies":[{"name":"wp","href":"https:\/\/api.w.org\/{rel}","templated":true}]}}